{"id":1206,"date":"2023-10-09T08:35:12","date_gmt":"2023-10-09T08:35:12","guid":{"rendered":"https:\/\/www.sief2.es\/?page_id=1206"},"modified":"2023-10-09T08:35:12","modified_gmt":"2023-10-09T08:35:12","slug":"politica-de-privacidad-2","status":"publish","type":"page","link":"https:\/\/www.sief2.es\/?page_id=1206","title":{"rendered":"Pol\u00edtica de privacidad"},"content":{"rendered":"\n<p>SIEF-2 S.L es una compa\u00f1\u00eda espa\u00f1ola con domicilio en POLIGONO INDUSTRIAL EL CAMI DELS FRARES CALLE I, NAVE 4 PARCELA 24 CP. 25191 LLEIDA, con n\u00famero de identificaci\u00f3n fiscal B25233487 e inscrita en el Registro Mercantil de Lleida, tomo 20, secci\u00f3n general, folio 145, hoja n\u00famero L-351, inscripci\u00f3n 6a.<\/p>\n\n\n\n<p><a><\/a><a><\/a><a>SIEF-2 S.L<\/a> es una empresa autorizada para la instalaci\u00f3n, mantenimiento de sistemas de seguridad electr\u00f3nica por parte del Ministerio del Interior y para prestar el servicio de central receptora de alarmas, tal y como exige la Ley 5\/2014, de 4 de abril, de Seguridad Privada y se halla inscrita con el n\u00famero 2716 en el registro que a tal efecto dispone la Direcci\u00f3n General de la Polic\u00eda.<\/p>\n\n\n\n<p>SIEF-2 S.L es una empresa autorizada para la instalaci\u00f3n y mantenimiento de sistemas de telecomunicaciones y se halla inscrita en el registro que a tal efecto dispone la Ley 9\/2014, de 9 de mayo, General de Telecomunicaciones y su normativa de desarrollo.<\/p>\n\n\n\n<p>SIEF-2 S.L es una empresa autorizada para la instalaci\u00f3n y mantenimiento de sistemas contra incendio y se halla inscrita en el registro que a tal efecto dispone el REGLAMENTO DE INSTALACIONES DE PROTECCI\u00d3N CONTRA INCENDIOS (REAL DECRETO 513\/2017, de 22 de mayo)<\/p>\n\n\n\n<p>La utilizaci\u00f3n del Sitio Web por los Usuarios implica la aceptaci\u00f3n plena y sin reserva alguna de todas las condiciones incluidas en el Aviso Legal que est\u00e9 vigente en cada acceso al Sitio Web. Dado que SIEF-2 S.L se reserva el derecho a modificar, en cualquier momento y sin necesidad de previo aviso, el presente Aviso Legal, el usuario debe leerlo atentamente en cada una de las ocasiones en que se proponga utilizar cualquiera de los contenidos y servicios ofrecidos en el Sitio Web, ya que \u00e9ste puede haber sufrido modificaciones.<\/p>\n\n\n\n<p>Algunos servicios del Sitio Web pueden estar sometidos a condiciones particulares que sustituyen, complementan o modifican el presente Aviso Legal y que deber\u00e1n ser igualmente aceptadas por los Usuarios antes de iniciarse la prestaci\u00f3n del servicio en cuesti\u00f3n.<\/p>\n\n\n\n<p>SIEF-2 S.L podr\u00e1 libremente suspender, bloquear, interrumpir o cancelar el Servicio en los siguientes casos:<\/p>\n\n\n\n<p>1.- para garantizar la seguridad del servicio o el canal de acceso,<\/p>\n\n\n\n<p>2.- cuando el Sitio Web sea utilizado de forma fraudulenta o abusiva,<\/p>\n\n\n\n<p>3.- cuando sea necesario realizar operaciones de mantenimiento o reparaci\u00f3n del servicio, y<\/p>\n\n\n\n<p>4.- cuando se produzca un incumplimiento por parte del Usuario.<\/p>\n\n\n\n<p>&nbsp;El acceso al Sitio Web es gratuito salvo en lo relativo al coste de la conexi\u00f3n a trav\u00e9s de la red de telecomunicaciones suministrada por el proveedor de acceso que hayan contratado los Usuarios. El acceso al Sitio Web, y especialmente, la eventual contrataci\u00f3n de los productos y servicios que puedan ofrecer a trav\u00e9s del mismo, est\u00e1n reservados a personas mayores de 18 a\u00f1os, no haci\u00e9ndose SIEF-2 S.L responsable de las consecuencias derivadas del incumplimiento de esta medida.<\/p>\n\n\n\n<p>Los Usuarios se comprometen a utilizar los servicios y contenidos del Sitio Web de conformidad con lo establecido en la Ley y en el presente Aviso Legal, respondiendo frente a SIEF-2 S.L o frente a terceros, de los da\u00f1os y perjuicios que pudieran causar como consecuencia del incumplimiento de dichas obligaciones, y de las actuaciones llevadas a cabo que sean de car\u00e1cter il\u00edcito, negligente, fraudulento, o que contravengan el principio de buena fe, los usos generalmente aceptados o el orden p\u00fablico.<\/p>\n\n\n\n<p>&nbsp;Queda expresamente prohibido el uso del Sitio Web con fines il\u00edcitos, lesivos de los bienes, los intereses o la reputaci\u00f3n de SIEF-2 S.L o de terceros, o que de cualquier otra forma da\u00f1en, sobrecarguen o inutilicen las redes, servidores y dem\u00e1s equipos inform\u00e1ticos (hardware) o productos y aplicaciones inform\u00e1ticas (software) de o de terceros.<\/p>\n\n\n\n<p><strong>DERECHOS DE PROPIEDAD INTELECTUAL<\/strong><strong><\/strong><\/p>\n\n\n\n<p>Los textos, im\u00e1genes, sonidos, animaciones, v\u00eddeo y el resto de contenidos de este Website son propiedad de SIEF-2 S.L, o de terceros que han licenciado o autorizado a SIEF-2 S.L para su uso. Todos los logotipos, marcas y dise\u00f1os industriales que aparecen en este Website forman parte de los derechos de Propiedad Industrial e Intelectual registrados por SIEF-2 S.L, quedando prohibida cualquier modalidad de explotaci\u00f3n, es decir, la reproducci\u00f3n, distribuci\u00f3n, comunicaci\u00f3n p\u00fablica y transformaci\u00f3n sin la autorizaci\u00f3n expresa de SIEF-2 S.L. Se proh\u00edbe la divulgaci\u00f3n, utilizaci\u00f3n, transmisi\u00f3n, distribuci\u00f3n, reproducci\u00f3n y transformaci\u00f3n, total o parcial, en cualquier soporte o medio, de los contenidos de este Website sin el previo y expreso consentimiento de SIEF-2 S.L, salvo que se indique lo contrario o su uso sea a t\u00edtulo personal y no vulnere los derechos reconocidos a SIEF-2 S.L por la legislaci\u00f3n vigente.<\/p>\n\n\n\n<p>La informaci\u00f3n y datos proporcionados por este Website pueden referirse tambi\u00e9n a promociones ocasionalmente no disponibles, ya sea por motivos de disponibilidad log\u00edstica o por haber cesado en su oferta. Como resultado del compromiso de mejora continua de los servicios de SIEF-2 S.L, los precios, ofertas, especificaciones t\u00e9cnicas u org\u00e1nicas, fotograf\u00edas, de los servicios, instalaciones o materiales pueden variar sin previo aviso, as\u00ed como cualquier otra informaci\u00f3n aqu\u00ed recogida. Rogamos nos consulte telef\u00f3nicamente para una informaci\u00f3n m\u00e1s exhaustiva.<\/p>\n\n\n\n<p><strong>RESPONSABILIDAD<\/strong><\/p>\n\n\n\n<p>SIEF-2 S.L procura que los contenidos recogidos en su Sitio Web sean de la mayor calidad posible, pero no garantiza la exactitud, exhaustividad y actualidad de los mismos. El acceso al Sitio Web y la utilizaci\u00f3n que pueda hacerse de las informaciones y contenidos que aparecen, es responsabilidad exclusiva de los Usuarios. SIEF-2 S.L no responder\u00e1 de las consecuencias, da\u00f1os o perjuicios que pudieran derivarse de dicho acceso o uso de la informaci\u00f3n o de los contenidos. SIEF-2 S.L no garantiza la ausencia de virus, gusanos o cualquier otro elemento inform\u00e1tico da\u00f1ino. Ser\u00e1 responsabilidad de los Usuarios la utilizaci\u00f3n de las herramientas, medios o sistemas adecuados para la detecci\u00f3n y desinfecci\u00f3n de los elementos inform\u00e1ticos da\u00f1inos. SIEF-2 S.L no se responsabiliza de los da\u00f1os producidos en los equipos inform\u00e1ticos de los Usuarios o de terceros durante o como consecuencia del acceso al Sitio Web.<\/p>\n\n\n\n<p>&nbsp;El acceso al Sitio Web requiere de servicios y suministros provistos por terceros, sin que sea responsabilidad de SIEF-2 S.L controlar la calidad, disponibilidad, continuidad y funcionamiento de los mismos. SIEF-2 S.L no se responsabiliza de los da\u00f1os o perjuicios de cualquier tipo producidos a los Usuarios que sean consecuencia de fallos, interrupciones o suspensiones del servicio de conexi\u00f3n a las redes de telecomunicaciones durante el acceso al Sitio Web.<\/p>\n\n\n\n<p>&nbsp;SIEF-2 S.L no garantiza la falta disponibilidad, mantenimiento y efectivo funcionamiento del Sitio Web y\/o de sus servicios.<\/p>\n\n\n\n<p><strong>POLITICA DE PRIVACIDAD<\/strong><strong><\/strong><\/p>\n\n\n\n<p>En esta secci\u00f3n queremos mantenerle informado de todos los aspectos relacionados con la protecci\u00f3n de sus datos de car\u00e1cter personal y su uso en este Website, de acuerdo con el Reglamento (UE) 2016\/679 del Parlamento Europeo y del Consejo, de 27 de abril de 2016, relativo a la protecci\u00f3n de las personas f\u00edsicas en lo que respecta al tratamiento de datos personales y a la libre circulaci\u00f3n de estos datos (en adelante \u00abRGPD\u00bb).<\/p>\n\n\n\n<p>Los datos de car\u00e1cter personal facilitados a trav\u00e9s del env\u00edo de e-mail se almacenar\u00e1n en un archivo automatizado bajo la responsabilidad de SIEF-2 S.L con la finalidad de responder a sus consultas, gestionar nuestra relaci\u00f3n comercial as\u00ed como informarle sobre servicios o productos que pudiesen ser de su inter\u00e9s. Evidentemente, no es obligatorio adjuntar a su consulta o encargo m\u00e1s informaci\u00f3n que la imprescindible para establecer contacto o, en su caso, una relaci\u00f3n comercial con usted. No obstante, de no facilitarnos, al menos, un n\u00famero de tel\u00e9fono o direcci\u00f3n de correo electr\u00f3nico, es posible que no podamos responder a cualquier duda o cuesti\u00f3n que Vd. quiera hacernos llegar.<\/p>\n\n\n\n<p>Salvo comunicaci\u00f3n en contra por su parte, SIEF-2 S.L podr\u00e1 utilizar los datos personales que Vd. nos proporcione, tanto para el mantenimiento de contactos comerciales con Vd., como para remitirle informaci\u00f3n actualizada y exclusiva sobre nuestros productos y servicios.<\/p>\n\n\n\n<p>Igualmente, la web <a href=\"http:\/\/www.singulardisco.com\">WWW.SIEF2.ES<\/a> recoge las im\u00e1genes de usuarios de SIEF-2 S.L que han autorizado su publicaci\u00f3n. Le recordamos que el uso y tratamiento que haga de dichas im\u00e1genes deber\u00e1 adecuarse al RGPD, recabando, entre otros requisitos, la autorizaci\u00f3n expresa de sus titulares para cualquier finalidad que no consista en su mera visualizaci\u00f3n.<\/p>\n\n\n\n<p>Si Vd. es titular de alguna imagen, le informamos de lo siguiente:<\/p>\n\n\n\n<ul>\n<li>Que las im\u00e1genes obtenidas de su persona en SIEF-2 S.L se integrar\u00e1n en un tratamiento que tiene por finalidad la promoci\u00f3n publicitaria de los eventos de la SIEF-2 S.L.<\/li>\n\n\n\n<li>La obtenci\u00f3n y publicaci\u00f3n de las im\u00e1genes depende exclusivamente de su voluntad sin que la mera entrada en el local implique su tratamiento.<\/li>\n\n\n\n<li>Usted podr\u00e1 ejercitar sus derechos tal como estipula el RGPD o revocar la autorizaci\u00f3n anteriormente citada escribiendo a: POLIGONO INDUSTRIAL EL CAMI DELS FRARES CALLE I, NAVE 4 PARCELA 24 CP. 25191 LLEIDA.<\/li>\n\n\n\n<li>Paralelamente, las im\u00e1genes recabadas con la finalidad arriba expuesta ser\u00e1n cedidas, previa autorizaci\u00f3n de su titular, a las redes sociales facebook (<a href=\"http:\/\/www.facebook.com\">www.facebook.com<\/a>), twitter (<a href=\"http:\/\/www.twitter.com\">www.twitter.com<\/a>) y youtube (www.youtube.com) consistiendo en el tratamiento de tus datos personales en estos concretos entornos conforme a sus particulares pol\u00edticas de privacidad<ul><li><a href=\"http:\/\/www.facebook.com\/policy,php?ref=pf\">http:\/\/www.facebook.com\/policy.php?ref=pf<\/a><\/li><\/ul><ul><li><a href=\"http:\/\/www.google.es\/intl\/es\/policies\/privacy\/\">http:\/\/www.google.es\/intl\/es\/policies\/privacy\/<\/a><\/li><\/ul>\n<ul>\n<li><a href=\"http:\/\/twitter.com\/privacy\">http:\/\/twitter.com\/privacy<\/a><\/li>\n<\/ul>\n<\/li>\n<\/ul>\n\n\n\n<p>En el contexto de este tratamiento debe tener en cuenta que SIEF-2 S.L no puede dar de baja sus datos de la red social. El ejercicio de cualquier derecho deber\u00e1 ser utilizado por Vd. mismo.<\/p>\n\n\n\n<p>En el caso de aparecer otras finalidades de uso, ser\u00e1 convenientemente informado. Los datos que nos facilite ser\u00e1n tratados con confidencialidad y no ser\u00e1n cedidos ni revelados a nadie.<\/p>\n\n\n\n<p><strong>Responsable del tratamiento<\/strong>: SIEF-2 S.L<\/p>\n\n\n\n<p><strong>Direcci\u00f3n DPO<\/strong>: Arriba indicada.<\/p>\n\n\n\n<p><strong>Email DPO<\/strong>: SIEF2@SIEF2.COM<\/p>\n\n\n\n<p><strong>Finalidad principal del tratamiento<\/strong>: la finalidad ser\u00e1 entablar, mantener y gestionar la relaci\u00f3n comercial y contractual.<\/p>\n\n\n\n<p><strong>Derechos de protecci\u00f3n de datos<\/strong>: usted puede revocar en cualquier momento el consentimiento otorgado para las actividades de tratamiento de datos personales por parte de SIEF-2 S.L, as\u00ed como ejercitar, si est\u00e1 interesado en ello, sus derechos de acceso, rectificaci\u00f3n, supresi\u00f3n, limitaci\u00f3n u objeci\u00f3n al tratamiento de datos, portabilidad de datos, as\u00ed como a no ser objeto de decisiones automatizadas.<\/p>\n\n\n\n<p><strong>BASE LEGITIMADORA<\/strong><\/p>\n\n\n\n<p>Los datos de car\u00e1cter personal facilitados a trav\u00e9s de esta web, incluido el env\u00edo de e-mail o formulario de contacto, se almacenar\u00e1n en un archivo automatizado bajo la responsabilidad de SIEF-2 S.L con la finalidad de responder a sus consultas, gestionar nuestra relaci\u00f3n comercial as\u00ed como informarle sobre servicios o productos que pudiesen ser de su inter\u00e9s, todo ello con el amparo legal que otorga la Ley 34\/2002, de 11 de julio, de servicios de la sociedad de la informaci\u00f3n y de comercio electr\u00f3nico, el art\u00edculo 1258 del Real Decreto de 24 de julio de 1889 por el que se publica el C\u00f3digo Civil y\/o Real Decreto de 22 de agosto de 1885 por el que se publica el C\u00f3digo de Comercio.<\/p>\n\n\n\n<p>Evidentemente, no es obligatorio adjuntar a su consulta o encargo m\u00e1s informaci\u00f3n que la imprescindible para establecer contacto o, en su caso, una relaci\u00f3n comercial con usted. No obstante, de no facilitarnos, al menos, un n\u00famero de tel\u00e9fono o direcci\u00f3n de correo electr\u00f3nico, es posible que no podamos responder a cualquier duda o cuesti\u00f3n que Vd. quiera hacernos llegar.<\/p>\n\n\n\n<p>Salvo comunicaci\u00f3n en contra por su parte, SIEF-2 S.L podr\u00e1 utilizar los datos personales que Vd. nos proporcione, tanto para el mantenimiento de contactos comerciales con Vd., como para remitirle informaci\u00f3n actualizada y exclusiva sobre nuestros productos y servicios.<\/p>\n\n\n\n<p>En el caso de aparecer otras finalidades de uso, ser\u00e1 convenientemente informado. Los datos que nos facilite ser\u00e1n tratados con confidencialidad y no ser\u00e1n cedidos ni revelados a nadie.<\/p>\n\n\n\n<p>Los datos personales que usted proporcione a SIEF-2 S.L podr\u00e1n ser comunicados a las siguientes categor\u00edas de destinatarios:<\/p>\n\n\n\n<ol type=\"1\">\n<li>Terceras partes a las que SIEF-2 S.L est\u00e1 obligada a transmitir informaci\u00f3n, como autoridades p\u00fablicas, con la finalidad de dar cumplimiento con los requerimientos de dichas autoridades y la normativa aplicable, en su caso.<\/li>\n\n\n\n<li>Empresas colaboradoras o subcontratistas, con la finalidad de poder gestionar unificada y adecuadamente una relaci\u00f3n contractual compleja consistente en varios servicios diferentes.<\/li>\n<\/ol>\n\n\n\n<p><strong>DEMANDAS DE EMPLEO A TRAV\u00c9S DE LA WEB <\/strong><a href=\"http:\/\/WWW.UNIQUEVIGO.COM\"><strong>WWW.SIEF2.ES<\/strong><\/a><strong><\/strong><\/p>\n\n\n\n<p>Los datos que Vd. voluntariamente selecciona y nos facilita en su curr\u00edculo profesional ser\u00e1n utilizados \u00fanicamente con el fin de valorar su idoneidad para cubrir nuestras ofertas de empleo y hacerle llegar propuestas de trabajo, incluso a trav\u00e9s de e-mail. Estos datos se tratar\u00e1n confidencialmente y no ser\u00e1n cedidos a nadie. Adem\u00e1s, Vd. tiene derecho a ejercer los derechos establecidos en el RGPD, as\u00ed como revocar su permiso para la recepci\u00f3n de comunicaciones a trav\u00e9s de correo electr\u00f3nico, dirigi\u00e9ndose a la direcci\u00f3n arriba mencionada.<\/p>\n\n\n\n<p>Asimismo, le informamos que para valorar la posibilidad de una relaci\u00f3n laboral son imprescindibles los datos referentes a la experiencia profesional y estudios cursados, por lo que no es obligatorio facilitar informaci\u00f3n adicional.<\/p>\n\n\n\n<p>En todos los casos, la entrada de datos err\u00f3neos o incompletos puede impedirnos contactar con usted. Confiamos en que usted se asegure de facilitarnos la informaci\u00f3n y los datos de car\u00e1cter personal de forma exacta y actualizada, y que nos autoriza a procesarlos bajo las condiciones mencionadas arriba.<\/p>\n\n\n\n<p><strong>MEDIDAS DE SEGURIDAD<\/strong><strong><\/strong><\/p>\n\n\n\n<p>Le informamos que han sido adoptadas todas las medidas de seguridad de \u00edndole t\u00e9cnica y organizativa necesarias para garantizar la protecci\u00f3n de sus datos de car\u00e1cter personal y evitar su alteraci\u00f3n, p\u00e9rdida, tratamiento y\/o acceso no autorizado, habida cuenta del estado de la t\u00e9cnica, la naturaleza de los datos almacenados y los riesgos a que est\u00e1n expuestos.<\/p>\n\n\n\n<p><strong>OTRA INFORMACI\u00d3N<\/strong><strong><\/strong><\/p>\n\n\n\n<p>De conformidad con el art\u00edculo 12 de la Ley 34\/2002, de 11 de julio, de Servicios de la Sociedad de la Informaci\u00f3n y Comercio Electr\u00f3nico el proveedor de alojamiento de este sitio web, con quien SIEF-2 S.L tiene contratado el preceptivo contrato de acceso por cuenta de tercero y confidencialidad, seg\u00fan manda el art\u00edculo 28 del RGPD, debe retener en su servidor los datos de conexi\u00f3n y tr\u00e1fico generados por las comunicaciones establecidas por un per\u00edodo de doce meses.<\/p>\n","protected":false},"excerpt":{"rendered":"<p>SIEF-2 S.L es una compa\u00f1\u00eda espa\u00f1ola con domicilio en POLIGONO INDUSTRIAL EL CAMI DELS FRARES CALLE I, NAVE 4 PARCELA 24 CP. 25191 LLEIDA, con n\u00famero de identificaci\u00f3n fiscal B25233487 e inscrita en el Registro Mercantil de Lleida, tomo 20, secci\u00f3n general, folio 145, hoja n\u00famero L-351, inscripci\u00f3n 6a. SIEF-2 S.L es una empresa autorizada [&hellip;]<\/p>\n","protected":false},"author":1,"featured_media":0,"parent":0,"menu_order":0,"comment_status":"closed","ping_status":"closed","template":"","meta":[],"_links":{"self":[{"href":"https:\/\/www.sief2.es\/index.php?rest_route=\/wp\/v2\/pages\/1206"}],"collection":[{"href":"https:\/\/www.sief2.es\/index.php?rest_route=\/wp\/v2\/pages"}],"about":[{"href":"https:\/\/www.sief2.es\/index.php?rest_route=\/wp\/v2\/types\/page"}],"author":[{"embeddable":true,"href":"https:\/\/www.sief2.es\/index.php?rest_route=\/wp\/v2\/users\/1"}],"replies":[{"embeddable":true,"href":"https:\/\/www.sief2.es\/index.php?rest_route=%2Fwp%2Fv2%2Fcomments&post=1206"}],"version-history":[{"count":1,"href":"https:\/\/www.sief2.es\/index.php?rest_route=\/wp\/v2\/pages\/1206\/revisions"}],"predecessor-version":[{"id":1207,"href":"https:\/\/www.sief2.es\/index.php?rest_route=\/wp\/v2\/pages\/1206\/revisions\/1207"}],"wp:attachment":[{"href":"https:\/\/www.sief2.es\/index.php?rest_route=%2Fwp%2Fv2%2Fmedia&parent=1206"}],"curies":[{"name":"wp","href":"https:\/\/api.w.org\/{rel}","templated":true}]}}