{"id":817,"date":"2022-12-19T22:28:41","date_gmt":"2022-12-19T22:28:41","guid":{"rendered":"https:\/\/www.sief2.es\/?page_id=817"},"modified":"2023-03-18T12:44:52","modified_gmt":"2023-03-18T12:44:52","slug":"control-de-incendios","status":"publish","type":"page","link":"https:\/\/www.sief2.es\/?page_id=817","title":{"rendered":"CONTROL DE INCENDIOS"},"content":{"rendered":"<!--[flex_align]--><style>.bd-flexalign-1318371214{height: 100%;}<\/style><style>\n.bd-flexalign.bd-flexalign-1318371214 > *{margin:auto;}\n.bd-flexalign-1318371214{margin-top:-10px}\n@media (max-width: 767px) {.bd-flexalign-1318371214{margin-bottom:0px;margin-top:-172px}}<\/style><div class=\"bd-flexalign  bd-flexalign-1318371214  bd-no-margins\"><!--{content}--><!--[image]--><style>\n.additional-class-1295283429{width:1106px;height:228px;margin-top:-10px;-webkit-box-shadow:0px 3px 5px 0 rgba(0, 0, 0, 0.33), 0px 7px 5px 3px rgba(0, 0, 0, 0.11);-o-box-shadow:0px 3px 5px 0 rgba(0, 0, 0, 0.33), 0px 7px 5px 3px rgba(0, 0, 0, 0.11);-ms-box-shadow:0px 3px 5px 0 rgba(0, 0, 0, 0.33), 0px 7px 5px 3px rgba(0, 0, 0, 0.11);-moz-box-shadow:0px 3px 5px 0 rgba(0, 0, 0, 0.33), 0px 7px 5px 3px rgba(0, 0, 0, 0.11);box-shadow:0px 3px 5px 0 rgba(0, 0, 0, 0.33), 0px 7px 5px 3px rgba(0, 0, 0, 0.11);}\n@media (max-width: 991px) {.additional-class-1295283429{width:736px;height:228px;}}\n@media (max-width: 767px) {.additional-class-1295283429{margin-bottom:0px;margin-top:-172px;width:auto;height:auto;}}\n.additional-class-1295283429{margin-top:0}\n@media (max-width: 767px) {.additional-class-1295283429{margin-bottom:0;margin-top:0}}<\/style><img src=\"https:\/\/www.sief2.es\/wp-content\/uploads\/2023\/03\/ca3fb6f6e979b3ba667b76541fb6be06_BANNER5.webp\" class=\" additional-class-1295283429   bd-imagestyles bd-own-margins\"><!--{content}--><!--{\/content}--><!--[\/image]--><!--{\/content}--><\/div><!--[\/flex_align]-->\n    <!--[text]-->\n        <style>\n.additional-class-1481477399{margin-bottom:1px;height:50%;margin-left:50%;-webkit-transform:translateX(-50%);-moz-transform:translateX(-50%);-ms-transform:translateX(-50%);transform:translateX(-50%);margin-right:-50%;display:inline-block;width:50%;}\n@media (max-width: 1199px) {.additional-class-1481477399{width:100%;}}\nh3.additional-class-1481477399{\n\tcolor:  #000000;\n\ttext-align:  center;\n}\n\n@media (max-width: 767px) {h3.additional-class-1481477399{\n\tline-height:  22.85714286px;\n\tfont-size:  16px;\n}\n}<\/style>        <h3 class=\" additional-class-1481477399  bd-no-margins bd-content-element\">\n            <!--{content}-->\n                SISTEMAS DE&nbsp;<b>EXTINCI\u00d3N<\/b>&nbsp;&nbsp;Y&nbsp;&nbsp;<b>CONTROL DE INCENDIOS<br><\/b>PARA INDUSTRIAS Y EMPRESAS<br><br>Prot\u00e9gete ante cualquier situaci\u00f3n de&nbsp;<b>fuego.<br><\/b><br>Desde el m\u00e1s peque\u00f1o al m\u00e1s descontrolado,&nbsp;<b>hacemos frente a cualquier incendio que se nos presente.<br><\/b>Todo gracias a nuestros&nbsp;sistemas personalizados.<b><br><\/b><b><br><\/b>            <!--{\/content}-->\n        <\/h3>\n    <!--[\/text]-->\n\n    <!--[columns]-->\n        <style>\n.bd-layoutcontainer-1391920534{margin-bottom:0px;}<\/style><style>\n.bd-layoutcontainer-1391920534 > .bd-container-inner > .container-fluid > .row{margin-bottom:0px;}\n.bd-layoutcontainer-1391920534  > .bd-container-inner > .container-fluid:after{display:none;}<\/style><style>.bd-layoutcontainer-1391920534 > .bd-container-inner > .container-fluid {padding-left: 0; padding-right: 0;}<\/style>        <style>\n.bd-layoutcolumn-335970740{background-attachment:scroll;margin-bottom:0px;background-size:contain;}\n.bd-layoutcolumn-335970740{\n\ttext-align:  center;\n}\n\n\n.bd-layoutcolumn-792510133{position:relative;margin-top:0px;}\n.bd-layoutcolumn-792510133{\n\ttext-align:  center;\n}\n\n\n.bd-layoutcolumn-951561918{position:relative;}\n.bd-layoutcolumn-951561918{\n\ttext-align:  center;\n}\n<\/style>        <div class=\" bd-layoutcontainer-1391920534  bd-columns bd-no-margins\">\n            <div class=\"bd-container-inner\">\n                <div class=\"container-fluid\">\n                    <div class=\"row\">\n                        <!--{content}-->\n                                <!--[column]-->\n        <div class=\"col-sm-4 bd-columnwrapper-335970740\">\n            <div class=\"bd-column  bd-layoutcolumn-335970740 \">\n                <div class=\"bd-vertical-align-wrapper\">\n                    <!--{content}-->\n                            <!--[text]-->\n        <style>\n.additional-class-364097802{margin-right:45px;margin-left:45px;height:57px;margin-bottom:30px;}\nh2.additional-class-364097802{\n\tline-height:  28.57142858px;\n\tfont-weight:  normal;\n\tfont-size:  20px;\n\tcolor:  #ee1118;\n}\n<\/style>        <h2 class=\" additional-class-364097802  bd-no-margins bd-content-element\">\n            <!--{content}-->\n                SISTEMAS DE&nbsp;<br><b>EXTINCI\u00d3N            \n        <\/b>            <!--{\/content}-->\n        <\/h2>\n    <!--[\/text]-->\n\n\t\n\t\t<!--[flex_align]--><style>.bd-flexalign-1493210409{height: 100%;}<\/style><style>\n.bd-flexalign.bd-flexalign-1493210409 > *{margin:auto auto 0px;}\n.bd-flexalign-1493210409{margin-bottom:15px;margin-top:30px}<\/style><div class=\"bd-flexalign  bd-flexalign-1493210409  bd-no-margins\"><!--{content}--><!--[image]--><style>\n.additional-class-166602786{width:162px;height:158px;margin-bottom:15px;margin-top:30px;}\n.additional-class-166602786{margin-bottom:0;margin-top:0}<\/style><style>\n            .additional-class-166602786 > img, img.additional-class-166602786 {\n                max-width: 100%;\n            }\n        <\/style><img src=\"https:\/\/www.sief2.es\/wp-content\/uploads\/2023\/03\/e2c5b5600c9839f0d2f2f080b0fedefc_1EXTINTOR.webp\" class=\" additional-class-166602786   bd-imagestyles img-responsive bd-own-margins\"><!--{content}--><!--{\/content}--><!--[\/image]--><!--{\/content}--><\/div><!--[\/flex_align]-->\n\t\n\t\t<!--[flex_align]--><style>.bd-flexalign-1378070931{height: 100%;}<\/style><style>\n.bd-flexalign.bd-flexalign-1378070931 > *{margin:auto;}\n.bd-flexalign-1378070931{margin:15px 20px 0px}<\/style><div class=\"bd-flexalign  bd-flexalign-1378070931  bd-no-margins\"><!--{content}-->    <!--[text]-->\n        <style>\n.additional-class-439600741{height:69px;margin:15px 20px 0px;}\n@media (max-width: 767px) {.additional-class-439600741{height:114px;}}\n.additional-class-439600741{\n\tline-height:  22.85714286px;\n\tfont-weight:  normal;\n\tfont-size:  16px;\n\ttext-align:  center;\n}\n\n.additional-class-439600741{margin:0}<\/style>        <p class=\" additional-class-439600741  bd-no-margins bd-content-element\">\n            <!--{content}-->\n                Sab\u00edas que la correcta situaci\u00f3n estrat\u00e9gica de los extintores puede reducir hasta en un 86% el riesgo de los incendios?            <!--{\/content}-->\n        <\/p>\n    <!--[\/text]-->\n<!--{\/content}--><\/div><!--[\/flex_align]-->\n\t\n\t\t<!--[button]--><style>\n.additional-class-1721392507{display:block;margin-top:57px;}\n@media (max-width: 1199px) {.additional-class-1721392507{margin-top:42px;}}<\/style><style>.additional-class-1721392507 {\n                    text-decoration: inherit;\n\t                display: inline-block;\n\t                speak: none;\n\t            }\n\n                .additional-class-1721392507:before {\n                    font-family: 'Billion Web Font';\n\t                font-style: normal;\n\t                font-weight: normal;\n\t                text-decoration: inherit;\n\t                text-align: center;\n\t                text-transform: none;\n\t                width: 1em;\n                }.additional-class-1721392507:before {width: auto; visibility: inherit;}.additional-class-1721392507:before{display: inline-block;}<\/style><style>.additional-class-1721392507:before {\n        vertical-align: middle;\n        text-decoration: none;\n    }<\/style><style>.additional-class-1721392507:hover {\n                    text-decoration: inherit;\n\t                display: inline-block;\n\t                speak: none;\n\t            }\n\n                .additional-class-1721392507:hover:before {\n                    font-family: 'Billion Web Font';\n\t                font-style: normal;\n\t                font-weight: normal;\n\t                text-decoration: inherit;\n\t                text-align: center;\n\t                text-transform: none;\n\t                width: 1em;\n                }.additional-class-1721392507:hover:before {width: auto; visibility: inherit;}.additional-class-1721392507:hover:before{display: inline-block;}<\/style><style>.additional-class-1721392507:hover:before {\n        vertical-align: middle;\n        text-decoration: none;\n    }<\/style><a href=\"\/?page_id=819\" class=\"bd-button-54  additional-class-1721392507  bd-own-margins bd-content-element\"><!--{content}-->\nSaber m\u00e1s\n<!--{\/content}--><\/a><!--[\/button]-->                    <!--{\/content}-->\n                <\/div>\n            <\/div>\n        <\/div>\n    <!--[\/column]-->\n\n\t\n\t\t    <!--[column]-->\n        <div class=\"col-sm-4 bd-columnwrapper-792510133\">\n            <div class=\"bd-column  bd-layoutcolumn-792510133 \">\n                <div class=\"bd-vertical-align-wrapper\">\n                    <!--{content}-->\n                            <!--[text]-->\n        <style>\n.additional-class-607254246{height:57px;width:100%;display:inline-block;margin-bottom:30px;}\n@media (max-width: 767px) {.additional-class-607254246{height:29px;margin-bottom:15px;}}\nh2.additional-class-607254246{\n\tline-height:  28.57142858px;\n\tfont-weight:  normal;\n\tfont-size:  20px;\n\tcolor:  #ee1118;\n}\n<\/style>        <h2 class=\" additional-class-607254246  bd-content-element\">\n            <!--{content}-->\n                SISTEMAS DE&nbsp;<br><b>ASPERSI\u00d3N            \n        <\/b>            <!--{\/content}-->\n        <\/h2>\n    <!--[\/text]-->\n\n\t\n\t\t<!--[image]--><style>\n.additional-class-1036727999{width:162px;height:158px;margin-left:auto;margin-right:auto;display:block;margin-bottom:0px;}<\/style><style>\n            .additional-class-1036727999 > img, img.additional-class-1036727999 {\n                max-width: 100%;\n            }\n        <\/style><img src=\"https:\/\/www.sief2.es\/wp-content\/uploads\/2023\/03\/b881c42ff03e7bd0bc10d47f2075408a_1sprinter.webp\" class=\" additional-class-1036727999  bd-no-margins  bd-imagestyles bd-own-margins\"><!--{content}--><!--{\/content}--><!--[\/image]-->\n\t\n\t\t<!--[flex_align]--><style>.bd-flexalign-1624897678{height: 100%;}<\/style><style>\n.bd-flexalign.bd-flexalign-1624897678 > *{margin:auto;}\n.bd-flexalign-1624897678{margin:14px 20px 0px}\n@media (max-width: 767px) {.bd-flexalign-1624897678{margin-bottom:13px}}<\/style><div class=\"bd-flexalign  bd-flexalign-1624897678  bd-no-margins\"><!--{content}-->    <!--[text]-->\n        <style>\n.additional-class-12864906{height:120px;margin:14px 20px 0px;}\n@media (max-width: 1199px) {.additional-class-12864906{height:160px;}}\n@media (max-width: 991px) {.additional-class-12864906{height:206px;}}\n@media (max-width: 767px) {.additional-class-12864906{margin-bottom:13px;height:160px;}}\n.additional-class-12864906{\n\tline-height:  22.85714286px;\n\tfont-weight:  normal;\n\tfont-size:  16px;\n\ttext-align:  center;\n}\n\n.additional-class-12864906{margin:0}\n@media (max-width: 767px) {.additional-class-12864906{margin-bottom:0}}<\/style>        <p class=\" additional-class-12864906  bd-no-margins bd-content-element\">\n            <!--{content}-->\n                Te imaginas inundar toda una industria por un incendio localizado?&nbsp;Nuestros sistemas eficientes de extinci\u00f3n por zonas detectan en que zona esta el peligro, y donde deben actuar.            <!--{\/content}-->\n        <\/p>\n    <!--[\/text]-->\n<!--{\/content}--><\/div><!--[\/flex_align]-->\n\t\n\t\t<!--[button]--><style>\n.additional-class-1730695437{display:block;margin-top:7px;}\n@media (max-width: 1199px) {.additional-class-1730695437{margin-top:19px;}}<\/style><style>.additional-class-1730695437 {\n                    text-decoration: inherit;\n\t                display: inline-block;\n\t                speak: none;\n\t            }\n\n                .additional-class-1730695437:before {\n                    font-family: 'Billion Web Font';\n\t                font-style: normal;\n\t                font-weight: normal;\n\t                text-decoration: inherit;\n\t                text-align: center;\n\t                text-transform: none;\n\t                width: 1em;\n                }.additional-class-1730695437:before {width: auto; visibility: inherit;}.additional-class-1730695437:before{display: inline-block;}<\/style><style>.additional-class-1730695437:before {\n        vertical-align: middle;\n        text-decoration: none;\n    }<\/style><style>.additional-class-1730695437:hover {\n                    text-decoration: inherit;\n\t                display: inline-block;\n\t                speak: none;\n\t            }\n\n                .additional-class-1730695437:hover:before {\n                    font-family: 'Billion Web Font';\n\t                font-style: normal;\n\t                font-weight: normal;\n\t                text-decoration: inherit;\n\t                text-align: center;\n\t                text-transform: none;\n\t                width: 1em;\n                }.additional-class-1730695437:hover:before {width: auto; visibility: inherit;}.additional-class-1730695437:hover:before{display: inline-block;}<\/style><style>.additional-class-1730695437:hover:before {\n        vertical-align: middle;\n        text-decoration: none;\n    }<\/style><a href=\"\/?page_id=819\" class=\"bd-button-53  additional-class-1730695437  bd-own-margins bd-content-element\"><!--{content}-->\nSaber m\u00e1s\n<!--{\/content}--><\/a><!--[\/button]-->                    <!--{\/content}-->\n                <\/div>\n            <\/div>\n        <\/div>\n    <!--[\/column]-->\n\n\t\n\t\t    <!--[column]-->\n        <div class=\"col-sm-4 bd-columnwrapper-951561918\">\n            <div class=\"bd-column  bd-layoutcolumn-951561918 \">\n                <div class=\"bd-vertical-align-wrapper\">\n                    <!--{content}-->\n                            <!--[text]-->\n        <style>\n.additional-class-486511724{height:57px;width:100%;display:inline-block;margin-bottom:29px;}\n@media (max-width: 767px) {.additional-class-486511724{height:57px;margin-top:39px;margin-bottom:9px;}}\nh2.additional-class-486511724{\n\tline-height:  28.57142858px;\n\tfont-weight:  normal;\n\tfont-size:  20px;\n\tcolor:  #ee1118;\n}\n<\/style>        <h2 class=\" additional-class-486511724  bd-content-element\">\n            <!--{content}-->\n                SISTEMAS ANTI&nbsp;<br><b>INCENDIOS            \n        <\/b>            <!--{\/content}-->\n        <\/h2>\n    <!--[\/text]-->\n\n\t\n\t\t<!--[image]--><style>\n.additional-class-1097941510{width:162px;height:158px;margin-left:auto;margin-right:auto;display:block;margin-bottom:0px;}<\/style><style>\n            .additional-class-1097941510 > img, img.additional-class-1097941510 {\n                max-width: 100%;\n            }\n        <\/style><img src=\"https:\/\/www.sief2.es\/wp-content\/uploads\/2023\/03\/d62e192df7d78b43dc0c996500e7d5a3_1tuberia.webp\" class=\" additional-class-1097941510  bd-no-margins  img-rounded bd-own-margins\"><!--{content}--><!--{\/content}--><!--[\/image]-->\n\t\n\t\t<!--[flex_align]--><style>.bd-flexalign-1655338429{height: 100%;}<\/style><style>\n.bd-flexalign.bd-flexalign-1655338429 > *{margin:auto;}\n.bd-flexalign-1655338429{margin:12px 20px 0px}\n@media (max-width: 767px) {.bd-flexalign-1655338429{margin-bottom:20px}}<\/style><div class=\"bd-flexalign  bd-flexalign-1655338429  bd-no-margins\"><!--{content}-->    <!--[text]-->\n        <style>\n.additional-class-1021774695{height:114px;margin:12px 20px 0px;}\n@media (max-width: 1199px) {.additional-class-1021774695{height:183px;}}\n@media (max-width: 991px) {.additional-class-1021774695{height:297px;}}\n@media (max-width: 767px) {.additional-class-1021774695{height:228px;margin-bottom:20px;}}\n.additional-class-1021774695{\n\tline-height:  22.85714286px;\n\tfont-weight:  normal;\n\tfont-size:  16px;\n\ttext-align:  center;\n}\n\n.additional-class-1021774695{margin:0}\n@media (max-width: 767px) {.additional-class-1021774695{margin-bottom:0}}<\/style>        <p class=\" additional-class-1021774695  bd-no-margins bd-content-element\">\n            <!--{content}-->\n                \"A grandes problemas, grandes soluciones.\"Cuando el fuego se descontrola debemos recurrir a sistemas anti-incendios aut\u00f3nomos eficientes.Puntos estrat\u00e9gicos de agua, ayudar\u00e1n en gran medida a las autoridades competentes.            <!--{\/content}-->\n        <\/p>\n    <!--[\/text]-->\n<!--{\/content}--><\/div><!--[\/flex_align]-->\n\t\n\t\t<!--[button]--><style>\n.additional-class-415183975{display:block;margin-top:16px;}\n@media (max-width: 1199px) {.additional-class-415183975{margin-top:0px;}}<\/style><style>.additional-class-415183975 {\n                    text-decoration: inherit;\n\t                display: inline-block;\n\t                speak: none;\n\t            }\n\n                .additional-class-415183975:before {\n                    font-family: 'Billion Web Font';\n\t                font-style: normal;\n\t                font-weight: normal;\n\t                text-decoration: inherit;\n\t                text-align: center;\n\t                text-transform: none;\n\t                width: 1em;\n                }.additional-class-415183975:before {width: auto; visibility: inherit;}.additional-class-415183975:before{display: inline-block;}<\/style><style>.additional-class-415183975:before {\n        vertical-align: middle;\n        text-decoration: none;\n    }<\/style><style>.additional-class-415183975:hover {\n                    text-decoration: inherit;\n\t                display: inline-block;\n\t                speak: none;\n\t            }\n\n                .additional-class-415183975:hover:before {\n                    font-family: 'Billion Web Font';\n\t                font-style: normal;\n\t                font-weight: normal;\n\t                text-decoration: inherit;\n\t                text-align: center;\n\t                text-transform: none;\n\t                width: 1em;\n                }.additional-class-415183975:hover:before {width: auto; visibility: inherit;}.additional-class-415183975:hover:before{display: inline-block;}<\/style><style>.additional-class-415183975:hover:before {\n        vertical-align: middle;\n        text-decoration: none;\n    }<\/style><a href=\"\/?page_id=819\" class=\"bd-button-52  additional-class-415183975  bd-own-margins bd-content-element\"><!--{content}-->\nSaber m\u00e1s\n<!--{\/content}--><\/a><!--[\/button]-->                    <!--{\/content}-->\n                <\/div>\n            <\/div>\n        <\/div>\n    <!--[\/column]-->\n                        <!--{\/content}-->\n                    <\/div>\n                <\/div>\n            <\/div>\n        <\/div>\n    <!--[\/columns]-->\n\n","protected":false},"excerpt":{"rendered":"","protected":false},"author":1,"featured_media":0,"parent":0,"menu_order":3,"comment_status":"closed","ping_status":"closed","template":"","meta":[],"_links":{"self":[{"href":"https:\/\/www.sief2.es\/index.php?rest_route=\/wp\/v2\/pages\/817"}],"collection":[{"href":"https:\/\/www.sief2.es\/index.php?rest_route=\/wp\/v2\/pages"}],"about":[{"href":"https:\/\/www.sief2.es\/index.php?rest_route=\/wp\/v2\/types\/page"}],"author":[{"embeddable":true,"href":"https:\/\/www.sief2.es\/index.php?rest_route=\/wp\/v2\/users\/1"}],"replies":[{"embeddable":true,"href":"https:\/\/www.sief2.es\/index.php?rest_route=%2Fwp%2Fv2%2Fcomments&post=817"}],"version-history":[{"count":58,"href":"https:\/\/www.sief2.es\/index.php?rest_route=\/wp\/v2\/pages\/817\/revisions"}],"predecessor-version":[{"id":1175,"href":"https:\/\/www.sief2.es\/index.php?rest_route=\/wp\/v2\/pages\/817\/revisions\/1175"}],"wp:attachment":[{"href":"https:\/\/www.sief2.es\/index.php?rest_route=%2Fwp%2Fv2%2Fmedia&parent=817"}],"curies":[{"name":"wp","href":"https:\/\/api.w.org\/{rel}","templated":true}]}}