{"id":951,"date":"2023-01-16T12:22:58","date_gmt":"2023-01-16T12:22:58","guid":{"rendered":"https:\/\/www.sief2.es\/?page_id=951"},"modified":"2023-03-18T12:51:02","modified_gmt":"2023-03-18T12:51:02","slug":"central-receptora","status":"publish","type":"page","link":"https:\/\/www.sief2.es\/?page_id=951","title":{"rendered":"CENTRAL RECEPTORA"},"content":{"rendered":"<!--[layoutbox]--><style>\n.additional-class-1887267695{margin-top:-11px;}\n@media (max-width: 767px) {.additional-class-1887267695{margin-top:-172px;}}\n.additional-class-1887267695{\n\ttext-align:  center;\n}\n<\/style><div class=\"clearfix  additional-class-1887267695  bd-no-margins\"><div class=\"bd-container-inner\"><!--{content}--><!--[image]--><style>\n.additional-class-928954933{-webkit-box-shadow:0px 3px 5px 0 rgba(0, 0, 0, 0.33), 0px 7px 5px 3px rgba(0, 0, 0, 0.11);-o-box-shadow:0px 3px 5px 0 rgba(0, 0, 0, 0.33), 0px 7px 5px 3px rgba(0, 0, 0, 0.11);-ms-box-shadow:0px 3px 5px 0 rgba(0, 0, 0, 0.33), 0px 7px 5px 3px rgba(0, 0, 0, 0.11);-moz-box-shadow:0px 3px 5px 0 rgba(0, 0, 0, 0.33), 0px 7px 5px 3px rgba(0, 0, 0, 0.11);box-shadow:0px 3px 5px 0 rgba(0, 0, 0, 0.33), 0px 7px 5px 3px rgba(0, 0, 0, 0.11);}<\/style><img src=\"https:\/\/www.sief2.es\/wp-content\/uploads\/2023\/01\/d621a6cccf8c93d91b3d69a509d3fcca_b8a5f7_0836d377bc4a4593891bae1b1722d1b4_mv21.webp\" class=\" additional-class-928954933   bd-imagestyles bd-own-margins\"><!--{content}--><!--{\/content}--><!--[\/image]--><!--{\/content}--><\/div><\/div><!--[\/layoutbox]-->\n<!--[fluid]--><!--{content}--><!--[layoutbox]--><div class=\"clearfix  additional-class-1401164176 bd-page-width  bd-no-margins\"><div class=\"bd-container-inner\"><!--{content}-->    <!--[text]-->\n        <style>\n.additional-class-353657564{margin-bottom:28px;height:251px;margin-left:50%;-webkit-transform:translateX(-50%);-moz-transform:translateX(-50%);-ms-transform:translateX(-50%);transform:translateX(-50%);margin-right:-50%;display:inline-block;}\n@media (max-width: 767px) {.additional-class-353657564{height:297px;margin-bottom:0px;}}\nh3.additional-class-353657564{\n\tcolor:  #000000;\n\ttext-align:  center;\n}\n\n@media (max-width: 767px) {h3.additional-class-353657564{\n\tline-height:  22.85714286px;\n\tfont-size:  16px;\n}\n}<\/style>        <h3 class=\" additional-class-353657564  bd-no-margins bd-content-element\">\n            <!--{content}-->\n                <i>CENTRAL RECEPTORA DE ALARMAS <\/i><b style=\"font-style: italic;\">PROPIA<\/b><i> DISPONIBLE<\/i><br><i style=\"font-weight: bold;\">24H AL D\u00cdA, 365 D\u00cdAS AL A\u00d1O<\/i><br><br><i style=\"font-weight: bold;\">Velamos por tu seguridad en todo momento<\/i><br><br>Un sensor detecta un intruso, el sistema env\u00eda una alarma, nuestra central entra en acci\u00f3n:<br><b><i>Aviso policial, aviso al usuario, grabaci\u00f3n y env\u00edo de vigilante<\/i><\/b><b><br><\/b>            <!--{\/content}-->\n        <\/h3>\n    <!--[\/text]-->\n<!--{\/content}--><\/div><\/div><!--[\/layoutbox]--><!--{\/content}--><!--[\/fluid]-->\n<!--[layoutbox]--><style>\n.additional-class-1128019302{width:75%;margin-left:auto;margin-right:auto;display:block;}<\/style><div class=\"clearfix  additional-class-1128019302  bd-no-margins bd-no-margins\"><div class=\"bd-container-inner\"><!--{content}-->    <!--[columns]-->\n        <style>\n.bd-layoutcontainer-31336150{margin-bottom:0px;}<\/style><style>\n.bd-layoutcontainer-31336150 > .bd-container-inner > .container-fluid > .row{margin-bottom:0px;}\n.bd-layoutcontainer-31336150  > .bd-container-inner > .container-fluid:after{display:none;}<\/style><style>.bd-layoutcontainer-31336150 > .bd-container-inner > .container-fluid {padding-left: 0; padding-right: 0;}<\/style>        <style>\n.bd-layoutcolumn-313105228{background-attachment:scroll;margin-bottom:1px;background-size:contain;}\n.bd-layoutcolumn-313105228{\n\ttext-align:  center;\n}\n\n\n.bd-layoutcolumn-1020300660{position:relative;margin-top:1px;}\n.bd-layoutcolumn-1020300660{\n\ttext-align:  center;\n}\n\n\n.bd-layoutcolumn-1023257647{position:relative;}\n.bd-layoutcolumn-1023257647{\n\ttext-align:  center;\n}\n\n\n.bd-layoutcolumn-229285796{\n\ttext-align:  center;\n}\n<\/style>        <div class=\" bd-layoutcontainer-31336150  bd-columns bd-no-margins\">\n            <div class=\"bd-container-inner\">\n                <div class=\"container-fluid\">\n                    <div class=\"row\">\n                        <!--{content}-->\n                                <!--[column]-->\n        <div class=\"col-sm-3 bd-columnwrapper-313105228\">\n            <div class=\"bd-column  bd-layoutcolumn-313105228 \">\n                <div class=\"bd-vertical-align-wrapper\">\n                    <!--{content}-->\n                            <!--[text]-->\n        <style>\n.additional-class-304707633{margin-right:45px;margin-left:45px;height:29px;margin-bottom:30px;}\nh2.additional-class-304707633{\n\tline-height:  28.57142858px;\n\tfont-weight:  normal;\n\tfont-size:  20px;\n\tcolor:  #ee1118;\n}\n<\/style>        <h2 class=\" additional-class-304707633  bd-no-margins bd-content-element\">\n            <!--{content}-->\n                AVISO<br><b>POLICIAL<\/b>            <!--{\/content}-->\n        <\/h2>\n    <!--[\/text]-->\n\n\t\n\t\t<!--[flex_align]--><style>.bd-flexalign-1783850560{height: 100%;}<\/style><style>\n.bd-flexalign.bd-flexalign-1783850560 > *{margin:auto auto 0px;}\n.bd-flexalign-1783850560{margin-bottom:15px;margin-top:30px}<\/style><div class=\"bd-flexalign  bd-flexalign-1783850560  bd-no-margins\"><!--{content}--><!--[image]--><style>\n.additional-class-567556396{width:162px;height:158px;margin-bottom:15px;margin-top:30px;}\n.additional-class-567556396{margin-bottom:0;margin-top:0}<\/style><style>\n            .additional-class-567556396 > img, img.additional-class-567556396 {\n                max-width: 100%;\n            }\n        <\/style><img src=\"https:\/\/www.sief2.es\/wp-content\/uploads\/2023\/03\/7c274df71be74564346a754e0da2ac8a_1central3.webp\" class=\" additional-class-567556396   bd-imagestyles img-responsive bd-own-margins\"><!--{content}--><!--{\/content}--><!--[\/image]--><!--{\/content}--><\/div><!--[\/flex_align]-->\n\t\n\t\t<!--[flex_align]--><style>.bd-flexalign-224853662{height: 100%;}<\/style><style>\n.bd-flexalign.bd-flexalign-224853662 > *{margin:auto;}\n.bd-flexalign-224853662{margin:15px 20px 0px}<\/style><div class=\"bd-flexalign  bd-flexalign-224853662  bd-no-margins\"><!--{content}-->    <!--[text]-->\n        <style>\n.additional-class-1076964392{height:137px;margin:15px 20px 0px;}\n.additional-class-1076964392{\n\tline-height:  22.85714286px;\n\tfont-weight:  normal;\n\tfont-size:  16px;\n\ttext-align:  center;\n}\n\n.additional-class-1076964392{margin:0}<\/style>        <p class=\" additional-class-1076964392  bd-no-margins bd-content-element\">\n            <!--{content}-->\n                Ante cualquier situaci\u00f3n de peligro, nuestra central env\u00eda un aviso a las autoridades para que puedan actuar lo antes posible.            <!--{\/content}-->\n        <\/p>\n    <!--[\/text]-->\n<!--{\/content}--><\/div><!--[\/flex_align]-->\n\t\n\t\t<!--[button]--><style>\n.additional-class-1762136489{display:block;margin-top:30px;}<\/style><style>.additional-class-1762136489 {\n                    text-decoration: inherit;\n\t                display: inline-block;\n\t                speak: none;\n\t            }\n\n                .additional-class-1762136489:before {\n                    font-family: 'Billion Web Font';\n\t                font-style: normal;\n\t                font-weight: normal;\n\t                text-decoration: inherit;\n\t                text-align: center;\n\t                text-transform: none;\n\t                width: 1em;\n                }.additional-class-1762136489:before {width: auto; visibility: inherit;}.additional-class-1762136489:before{display: inline-block;}<\/style><style>.additional-class-1762136489:before {\n        vertical-align: middle;\n        text-decoration: none;\n    }<\/style><style>.additional-class-1762136489:hover {\n                    text-decoration: inherit;\n\t                display: inline-block;\n\t                speak: none;\n\t            }\n\n                .additional-class-1762136489:hover:before {\n                    font-family: 'Billion Web Font';\n\t                font-style: normal;\n\t                font-weight: normal;\n\t                text-decoration: inherit;\n\t                text-align: center;\n\t                text-transform: none;\n\t                width: 1em;\n                }.additional-class-1762136489:hover:before {width: auto; visibility: inherit;}.additional-class-1762136489:hover:before{display: inline-block;}<\/style><style>.additional-class-1762136489:hover:before {\n        vertical-align: middle;\n        text-decoration: none;\n    }<\/style><a href=\"\/?page_id=819\" class=\"bd-button-68  additional-class-1762136489  bd-own-margins bd-content-element\"><!--{content}-->\nSaber m\u00e1s\n<!--{\/content}--><\/a><!--[\/button]-->                    <!--{\/content}-->\n                <\/div>\n            <\/div>\n        <\/div>\n    <!--[\/column]-->\n\n\t\n\t\t    <!--[column]-->\n        <div class=\"col-sm-3 bd-columnwrapper-1020300660\">\n            <div class=\"bd-column  bd-layoutcolumn-1020300660 \">\n                <div class=\"bd-vertical-align-wrapper\">\n                    <!--{content}-->\n                            <!--[text]-->\n        <style>\n.additional-class-1056943465{height:29px;width:100%;display:inline-block;margin-bottom:30px;}\n@media (max-width: 767px) {.additional-class-1056943465{height:57px;}}\nh2.additional-class-1056943465{\n\tline-height:  28.57142858px;\n\tfont-weight:  normal;\n\tfont-size:  20px;\n\tcolor:  #ee1118;\n}\n<\/style>        <h2 class=\" additional-class-1056943465  bd-content-element\">\n            <!--{content}-->\n                ENV\u00cdO<br><b>VIGILANTE<\/b>            <!--{\/content}-->\n        <\/h2>\n    <!--[\/text]-->\n\n\t\n\t\t<!--[image]--><style>\n.additional-class-798016537{width:162px;height:158px;margin-left:auto;margin-right:auto;display:block;margin-bottom:0px;}<\/style><style>\n            .additional-class-798016537 > img, img.additional-class-798016537 {\n                max-width: 100%;\n            }\n        <\/style><img src=\"https:\/\/www.sief2.es\/wp-content\/uploads\/2023\/03\/1177a80ac82ec22c369006ed58485c51_1central2.webp\" class=\" additional-class-798016537  bd-no-margins  bd-imagestyles bd-own-margins\"><!--{content}--><!--{\/content}--><!--[\/image]-->\n\t\n\t\t<!--[flex_align]--><style>.bd-flexalign-37429096{height: 100%;}<\/style><style>\n.bd-flexalign.bd-flexalign-37429096 > *{margin:auto;}\n.bd-flexalign-37429096{margin:14px 20px 0px}\n@media (max-width: 767px) {.bd-flexalign-37429096{margin-bottom:13px}}<\/style><div class=\"bd-flexalign  bd-flexalign-37429096  bd-no-margins\"><!--{content}-->    <!--[text]-->\n        <style>\n.additional-class-1245938466{height:160px;margin:14px 20px 0px;}\n@media (max-width: 767px) {.additional-class-1245938466{margin-bottom:13px;height:160px;}}\n.additional-class-1245938466{\n\tline-height:  22.85714286px;\n\tfont-weight:  normal;\n\tfont-size:  16px;\n\ttext-align:  center;\n}\n\n.additional-class-1245938466{margin:0}\n@media (max-width: 767px) {.additional-class-1245938466{margin-bottom:0}}<\/style>        <p class=\" additional-class-1245938466  bd-no-margins bd-content-element\">\n            <!--{content}-->\n                Disponemos de numerosos guardias de seguridad a la espera de un aviso.<br style=\"color: rgb(0, 48, 91); font-family: futura-lt-w01-light, futura-lt-w05-light, sans-serif; font-size: 15px;\">Nuestra central detectar\u00e1 cual es el mas cercano a su direcci\u00f3n y lo enviara inmediatamente.&nbsp;            <!--{\/content}-->\n        <\/p>\n    <!--[\/text]-->\n<!--{\/content}--><\/div><!--[\/flex_align]-->\n\t\n\t\t<!--[button]--><style>\n.additional-class-1688703742{display:block;margin-top:7px;}<\/style><style>.additional-class-1688703742 {\n                    text-decoration: inherit;\n\t                display: inline-block;\n\t                speak: none;\n\t            }\n\n                .additional-class-1688703742:before {\n                    font-family: 'Billion Web Font';\n\t                font-style: normal;\n\t                font-weight: normal;\n\t                text-decoration: inherit;\n\t                text-align: center;\n\t                text-transform: none;\n\t                width: 1em;\n                }.additional-class-1688703742:before {width: auto; visibility: inherit;}.additional-class-1688703742:before{display: inline-block;}<\/style><style>.additional-class-1688703742:before {\n        vertical-align: middle;\n        text-decoration: none;\n    }<\/style><style>.additional-class-1688703742:hover {\n                    text-decoration: inherit;\n\t                display: inline-block;\n\t                speak: none;\n\t            }\n\n                .additional-class-1688703742:hover:before {\n                    font-family: 'Billion Web Font';\n\t                font-style: normal;\n\t                font-weight: normal;\n\t                text-decoration: inherit;\n\t                text-align: center;\n\t                text-transform: none;\n\t                width: 1em;\n                }.additional-class-1688703742:hover:before {width: auto; visibility: inherit;}.additional-class-1688703742:hover:before{display: inline-block;}<\/style><style>.additional-class-1688703742:hover:before {\n        vertical-align: middle;\n        text-decoration: none;\n    }<\/style><a href=\"\/?page_id=819\" class=\"bd-button-67  additional-class-1688703742  bd-own-margins bd-content-element\"><!--{content}-->\nSaber m\u00e1s\n<!--{\/content}--><\/a><!--[\/button]-->                    <!--{\/content}-->\n                <\/div>\n            <\/div>\n        <\/div>\n    <!--[\/column]-->\n\n\t\n\t\t    <!--[column]-->\n        <div class=\"col-sm-3 bd-columnwrapper-1023257647\">\n            <div class=\"bd-column  bd-layoutcolumn-1023257647 \">\n                <div class=\"bd-vertical-align-wrapper\">\n                    <!--{content}-->\n                            <!--[text]-->\n        <style>\n.additional-class-1152546649{height:29px;width:100%;display:inline-block;margin-bottom:29px;}\n@media (max-width: 767px) {.additional-class-1152546649{height:57px;}}\nh2.additional-class-1152546649{\n\tline-height:  28.57142858px;\n\tfont-weight:  normal;\n\tfont-size:  20px;\n\tcolor:  #ee1118;\n}\n<\/style>        <h2 class=\" additional-class-1152546649  bd-content-element\">\n            <!--{content}-->\n                AVISO AL<br><b>CLIENTE<\/b>            <!--{\/content}-->\n        <\/h2>\n    <!--[\/text]-->\n\n\t\n\t\t<!--[image]--><style>\n.additional-class-506143889{width:162px;height:158px;margin-left:auto;margin-right:auto;display:block;margin-bottom:0px;}<\/style><style>\n            .additional-class-506143889 > img, img.additional-class-506143889 {\n                max-width: 100%;\n            }\n        <\/style><img src=\"https:\/\/www.sief2.es\/wp-content\/uploads\/2023\/03\/eb944200516b6fa99b5124e0b91cfa84_1centralreceptora.webp\" class=\" additional-class-506143889  bd-no-margins  bd-imagestyles bd-own-margins\"><!--{content}--><!--{\/content}--><!--[\/image]-->\n\t\n\t\t<!--[flex_align]--><style>.bd-flexalign-483953239{height: 100%;}<\/style><style>\n.bd-flexalign.bd-flexalign-483953239 > *{margin:auto;}\n.bd-flexalign-483953239{margin:12px 20px 0px}<\/style><div class=\"bd-flexalign  bd-flexalign-483953239  bd-no-margins\"><!--{content}-->    <!--[text]-->\n        <style>\n.additional-class-1754398685{height:114px;margin:12px 20px 0px;}\n.additional-class-1754398685{\n\tline-height:  22.85714286px;\n\tfont-weight:  normal;\n\tfont-size:  16px;\n\ttext-align:  center;\n}\n\n.additional-class-1754398685{margin:0}<\/style>        <p class=\" additional-class-1754398685  bd-no-margins bd-content-element\">\n            <!--{content}-->\n                Despreoc\u00fapate&nbsp;de la situaci\u00f3n, te mantendremos informado de todo lo que ha ocurrido y como se ha solucionado.&nbsp;            <!--{\/content}-->\n        <\/p>\n    <!--[\/text]-->\n<!--{\/content}--><\/div><!--[\/flex_align]-->\n\t\n\t\t<!--[button]--><style>\n.additional-class-1380023091{display:block;margin-top:53px;}<\/style><style>.additional-class-1380023091 {\n                    text-decoration: inherit;\n\t                display: inline-block;\n\t                speak: none;\n\t            }\n\n                .additional-class-1380023091:before {\n                    font-family: 'Billion Web Font';\n\t                font-style: normal;\n\t                font-weight: normal;\n\t                text-decoration: inherit;\n\t                text-align: center;\n\t                text-transform: none;\n\t                width: 1em;\n                }.additional-class-1380023091:before {width: auto; visibility: inherit;}.additional-class-1380023091:before{display: inline-block;}<\/style><style>.additional-class-1380023091:before {\n        vertical-align: middle;\n        text-decoration: none;\n    }<\/style><style>.additional-class-1380023091:hover {\n                    text-decoration: inherit;\n\t                display: inline-block;\n\t                speak: none;\n\t            }\n\n                .additional-class-1380023091:hover:before {\n                    font-family: 'Billion Web Font';\n\t                font-style: normal;\n\t                font-weight: normal;\n\t                text-decoration: inherit;\n\t                text-align: center;\n\t                text-transform: none;\n\t                width: 1em;\n                }.additional-class-1380023091:hover:before {width: auto; visibility: inherit;}.additional-class-1380023091:hover:before{display: inline-block;}<\/style><style>.additional-class-1380023091:hover:before {\n        vertical-align: middle;\n        text-decoration: none;\n    }<\/style><a href=\"\/?page_id=819\" class=\"bd-button-66  additional-class-1380023091  bd-own-margins bd-content-element\"><!--{content}-->\nSaber m\u00e1s\n<!--{\/content}--><\/a><!--[\/button]-->                    <!--{\/content}-->\n                <\/div>\n            <\/div>\n        <\/div>\n    <!--[\/column]-->\n\n\t\n\t\t    <!--[column]-->\n        <div class=\"col-sm-3 bd-columnwrapper-229285796\">\n            <div class=\"bd-column  bd-layoutcolumn-229285796 \">\n                <div class=\"bd-vertical-align-wrapper\">\n                    <!--{content}-->\n                            <!--[text]-->\n        <style>\n.additional-class-1359318193{height:51px;width:100%;display:inline-block;}\n@media (max-width: 767px) {.additional-class-1359318193{height:51px;}}\nh2.additional-class-1359318193{\n\tline-height:  25.71428572px;\n\tfont-weight:  normal;\n\tfont-size:  18px;\n\tcolor:  #ee1118;\n}\n<\/style>        <h2 class=\" additional-class-1359318193  bd-content-element\">\n            <!--{content}-->\n                CONECTA<br><b>TU PROPIA ALARMA<\/b>            <!--{\/content}-->\n        <\/h2>\n    <!--[\/text]-->\n\n\t\n\t\t<!--[image]--><style>\n.additional-class-1995872500{width:162px;height:158px;margin-left:auto;margin-right:auto;display:block;margin-bottom:0px;}<\/style><style>\n            .additional-class-1995872500 > img, img.additional-class-1995872500 {\n                max-width: 100%;\n            }\n        <\/style><img src=\"https:\/\/www.sief2.es\/wp-content\/uploads\/2023\/03\/fdbcf42695476943a4348754b514fd28_1central4.webp\" class=\" additional-class-1995872500  bd-no-margins  bd-imagestyles bd-own-margins\"><!--{content}--><!--{\/content}--><!--[\/image]-->\n\t\n\t\t<!--[flex_align]--><style>.bd-flexalign-1035709245{height: 100%;}<\/style><style>\n.bd-flexalign.bd-flexalign-1035709245 > *{margin:auto;}\n.bd-flexalign-1035709245{margin:12px 20px 0px}<\/style><div class=\"bd-flexalign  bd-flexalign-1035709245  bd-no-margins\"><!--{content}-->    <!--[text]-->\n        <style>\n.additional-class-637659024{height:137px;margin:12px 20px 0px;}\n@media (max-width: 767px) {.additional-class-637659024{height:137px;}}\n.additional-class-637659024{\n\tline-height:  22.85714286px;\n\tfont-weight:  normal;\n\tfont-size:  16px;\n\ttext-align:  center;\n}\n\n.additional-class-637659024{margin:0}<\/style>        <p class=\" additional-class-637659024  bd-no-margins bd-content-element\">\n            <!--{content}-->\n                No necesitas comprar una alarma nueva, nuestros t\u00e9cnicos conectar\u00e1n tu alarma a nuestra central sin ninguna obra de por medio.&nbsp;&nbsp;            <!--{\/content}-->\n        <\/p>\n    <!--[\/text]-->\n<!--{\/content}--><\/div><!--[\/flex_align]-->\n\t\n\t\t<!--[button]--><style>\n.additional-class-508402846{display:block;margin-top:35px;}<\/style><style>.additional-class-508402846 {\n                    text-decoration: inherit;\n\t                display: inline-block;\n\t                speak: none;\n\t            }\n\n                .additional-class-508402846:before {\n                    font-family: 'Billion Web Font';\n\t                font-style: normal;\n\t                font-weight: normal;\n\t                text-decoration: inherit;\n\t                text-align: center;\n\t                text-transform: none;\n\t                width: 1em;\n                }.additional-class-508402846:before {width: auto; visibility: inherit;}.additional-class-508402846:before{display: inline-block;}<\/style><style>.additional-class-508402846:before {\n        vertical-align: middle;\n        text-decoration: none;\n    }<\/style><style>.additional-class-508402846:hover {\n                    text-decoration: inherit;\n\t                display: inline-block;\n\t                speak: none;\n\t            }\n\n                .additional-class-508402846:hover:before {\n                    font-family: 'Billion Web Font';\n\t                font-style: normal;\n\t                font-weight: normal;\n\t                text-decoration: inherit;\n\t                text-align: center;\n\t                text-transform: none;\n\t                width: 1em;\n                }.additional-class-508402846:hover:before {width: auto; visibility: inherit;}.additional-class-508402846:hover:before{display: inline-block;}<\/style><style>.additional-class-508402846:hover:before {\n        vertical-align: middle;\n        text-decoration: none;\n    }<\/style><a href=\"\/?page_id=819\" class=\"bd-button-65  additional-class-508402846  bd-own-margins bd-content-element\"><!--{content}-->\nSaber m\u00e1s\n<!--{\/content}--><\/a><!--[\/button]-->\n\t\n\t\t\n    <!--[spacer]-->\n    <style>\n.bd-spacer-353548573{height:100px;}\n@media (max-width: 767px) {.bd-spacer-353548573{height:50px;}}<\/style>    <div class=\" bd-spacer-353548573  clearfix\">\n        <!--{content}--><!--{\/content}-->\n    <\/div>\n    <!--[\/spacer]-->\n\n                        <!--{\/content}-->\n                <\/div>\n            <\/div>\n        <\/div>\n    <!--[\/column]-->\n                        <!--{\/content}-->\n                    <\/div>\n                <\/div>\n            <\/div>\n        <\/div>\n    <!--[\/columns]-->\n<!--{\/content}--><\/div><\/div><!--[\/layoutbox]-->\n","protected":false},"excerpt":{"rendered":"","protected":false},"author":1,"featured_media":0,"parent":0,"menu_order":0,"comment_status":"closed","ping_status":"closed","template":"","meta":[],"_links":{"self":[{"href":"https:\/\/www.sief2.es\/index.php?rest_route=\/wp\/v2\/pages\/951"}],"collection":[{"href":"https:\/\/www.sief2.es\/index.php?rest_route=\/wp\/v2\/pages"}],"about":[{"href":"https:\/\/www.sief2.es\/index.php?rest_route=\/wp\/v2\/types\/page"}],"author":[{"embeddable":true,"href":"https:\/\/www.sief2.es\/index.php?rest_route=\/wp\/v2\/users\/1"}],"replies":[{"embeddable":true,"href":"https:\/\/www.sief2.es\/index.php?rest_route=%2Fwp%2Fv2%2Fcomments&post=951"}],"version-history":[{"count":36,"href":"https:\/\/www.sief2.es\/index.php?rest_route=\/wp\/v2\/pages\/951\/revisions"}],"predecessor-version":[{"id":1177,"href":"https:\/\/www.sief2.es\/index.php?rest_route=\/wp\/v2\/pages\/951\/revisions\/1177"}],"wp:attachment":[{"href":"https:\/\/www.sief2.es\/index.php?rest_route=%2Fwp%2Fv2%2Fmedia&parent=951"}],"curies":[{"name":"wp","href":"https:\/\/api.w.org\/{rel}","templated":true}]}}